{"id":1002,"date":"2021-12-05T15:05:35","date_gmt":"2021-12-05T15:05:35","guid":{"rendered":"https:\/\/titron.net\/?page_id=1002"},"modified":"2025-04-25T04:19:24","modified_gmt":"2025-04-25T02:19:24","slug":"abaut-us","status":"publish","type":"page","link":"https:\/\/titron.net\/sq\/abaut-us\/","title":{"rendered":"Rreth Nesh"},"content":{"rendered":"<div data-elementor-type=\"wp-page\" data-elementor-id=\"1002\" class=\"elementor elementor-1002\" data-elementor-post-type=\"page\">\n\t\t\t\t\t\t<section class=\"elementor-section elementor-top-section elementor-element elementor-element-ebdaede elementor-section-height-min-height elementor-section-items-bottom elementor-section-boxed elementor-section-height-default\" data-id=\"ebdaede\" data-element_type=\"section\" data-e-type=\"section\" data-settings=\"{&quot;background_background&quot;:&quot;classic&quot;}\">\n\t\t\t\t\t\t\t<div class=\"elementor-background-overlay\"><\/div>\n\t\t\t\t\t\t\t<div class=\"elementor-container elementor-column-gap-no\">\n\t\t\t\t\t<div class=\"elementor-column elementor-col-100 elementor-top-column elementor-element elementor-element-c49fce9\" data-id=\"c49fce9\" data-element_type=\"column\" data-e-type=\"column\">\n\t\t\t<div class=\"elementor-widget-wrap elementor-element-populated\">\n\t\t\t\t\t\t<div class=\"elementor-element elementor-element-afca1e0 elementor-widget elementor-widget-heading\" data-id=\"afca1e0\" data-element_type=\"widget\" data-e-type=\"widget\" data-widget_type=\"heading.default\">\n\t\t\t\t<div class=\"elementor-widget-container\">\n\t\t\t\t\t<h2 class=\"elementor-heading-title elementor-size-default\">P\u00ebrmbajtja e videos <br>me t\u00eb cil\u00ebn keni nevoj\u00eb p\u00ebr ndihm\u00eb<\/h2>\t\t\t\t<\/div>\n\t\t\t\t<\/div>\n\t\t\t\t<div class=\"elementor-element elementor-element-616d489 elementor-widget elementor-widget-text-editor\" data-id=\"616d489\" data-element_type=\"widget\" data-e-type=\"widget\" data-widget_type=\"text-editor.default\">\n\t\t\t\t<div class=\"elementor-widget-container\">\n\t\t\t\t\t\t\t\t\t<h5><span style=\"color: #ffffff;\">Arti i titrave \u00ebsht\u00eb di\u00e7ka me t\u00eb cil\u00ebn kemi krijuar p\u00ebrvoj\u00eb t\u00eb r\u00ebnd\u00ebsishme gjat\u00eb dekad\u00ebs s\u00eb fundit dhe \u00ebsht\u00eb nj\u00eb m\u00ebnyr\u00eb relativisht e thjesht\u00eb dhe me kosto t\u00eb ul\u00ebt p\u00ebr t\u00eb rritur shtrirjen dhe aksesin e videove tuaja.<\/span><\/h5>\t\t\t\t\t\t\t\t<\/div>\n\t\t\t\t<\/div>\n\t\t\t\t\t<\/div>\n\t\t<\/div>\n\t\t\t\t\t<\/div>\n\t\t<\/section>\n\t\t\t\t<section class=\"elementor-section elementor-top-section elementor-element elementor-element-08f58ca elementor-section-boxed elementor-section-height-default elementor-section-height-default\" data-id=\"08f58ca\" data-element_type=\"section\" data-e-type=\"section\">\n\t\t\t\t\t\t<div class=\"elementor-container elementor-column-gap-default\">\n\t\t\t\t\t<div class=\"elementor-column elementor-col-100 elementor-top-column elementor-element elementor-element-3ab6b78\" data-id=\"3ab6b78\" data-element_type=\"column\" data-e-type=\"column\">\n\t\t\t<div class=\"elementor-widget-wrap elementor-element-populated\">\n\t\t\t\t\t\t<div class=\"elementor-element elementor-element-5d7670ca elementor-widget elementor-widget-heading\" data-id=\"5d7670ca\" data-element_type=\"widget\" data-e-type=\"widget\" data-widget_type=\"heading.default\">\n\t\t\t\t<div class=\"elementor-widget-container\">\n\t\t\t\t\t<h3 class=\"elementor-heading-title elementor-size-default\">Rreth kompanis\u00eb<\/h3>\t\t\t\t<\/div>\n\t\t\t\t<\/div>\n\t\t\t\t<div class=\"elementor-element elementor-element-1b8710ee elementor-widget elementor-widget-text-editor\" data-id=\"1b8710ee\" data-element_type=\"widget\" data-e-type=\"widget\" data-widget_type=\"text-editor.default\">\n\t\t\t\t<div class=\"elementor-widget-container\">\n\t\t\t\t\t\t\t\t\t<p>E themeluar n\u00eb vitin 2015, Titron \u00ebsht\u00eb aktive n\u00eb fush\u00ebn e p\u00ebrkthimit dhe titrimit. Ne ofrojm\u00eb sh\u00ebrbime me stafin ton\u00eb profesional p\u00ebr t\u00eb p\u00ebrmbushur nevojat p\u00ebr p\u00ebrkthim dhe titrim t\u00eb klient\u00ebve tan\u00eb p\u00ebr organizata, kompani, korporata, biznese dhe individ\u00ebve personal.<\/p>\t\t\t\t\t\t\t\t<\/div>\n\t\t\t\t<\/div>\n\t\t\t\t<section class=\"elementor-section elementor-inner-section elementor-element elementor-element-91527ab elementor-section-height-min-height elementor-section-boxed elementor-section-height-default\" data-id=\"91527ab\" data-element_type=\"section\" data-e-type=\"section\">\n\t\t\t\t\t\t<div class=\"elementor-container elementor-column-gap-default\">\n\t\t\t\t\t<div class=\"elementor-column elementor-col-50 elementor-inner-column elementor-element elementor-element-c256c69\" data-id=\"c256c69\" data-element_type=\"column\" data-e-type=\"column\">\n\t\t\t<div class=\"elementor-widget-wrap elementor-element-populated\">\n\t\t\t\t\t\t<div class=\"elementor-element elementor-element-7b31dbfd elementor-widget elementor-widget-text-editor\" data-id=\"7b31dbfd\" data-element_type=\"widget\" data-e-type=\"widget\" data-widget_type=\"text-editor.default\">\n\t\t\t\t<div class=\"elementor-widget-container\">\n\t\t\t\t\t\t\t\t\t<p>N\u00eb p\u00ebrkthimin me shkrim ne ofrojm\u00eb sh\u00ebrbime n\u00eb shum\u00eb fusha si arsimore, teknike, anketuese, komerciale, letrare, botuese. Ofrojm\u00eb titra p\u00ebr seriale, filma, dokumentar\u00eb dhe video promovuese t\u00eb kompanive, si dhe transkriptojm\u00eb regjistrime audio, n\u00eb shqip ose n\u00eb gjuh\u00eb t\u00eb huaj.<\/p>\t\t\t\t\t\t\t\t<\/div>\n\t\t\t\t<\/div>\n\t\t\t\t\t<\/div>\n\t\t<\/div>\n\t\t\t\t<div class=\"elementor-column elementor-col-50 elementor-inner-column elementor-element elementor-element-d3175d0\" data-id=\"d3175d0\" data-element_type=\"column\" data-e-type=\"column\">\n\t\t\t<div class=\"elementor-widget-wrap elementor-element-populated\">\n\t\t\t\t\t\t<div class=\"elementor-element elementor-element-1a794dd5 elementor-widget elementor-widget-text-editor\" data-id=\"1a794dd5\" data-element_type=\"widget\" data-e-type=\"widget\" data-widget_type=\"text-editor.default\">\n\t\t\t\t<div class=\"elementor-widget-container\">\n\t\t\t\t\t\t\t\t\t<p>Bashk\u00ebpunojm\u00eb me staf t\u00eb shumt\u00eb dhe profesional p\u00ebr t\u00eb ofruar t\u00eb gjitha k\u00ebto sh\u00ebrbime me cil\u00ebsin\u00eb, sakt\u00ebsin\u00eb m\u00eb t\u00eb lart\u00eb dhe n\u00eb koh\u00ebn m\u00eb t\u00eb shkurt\u00ebr t\u00eb mundshme. Sigurisht, ne p\u00ebrdorim edhe teknologji q\u00eb jan\u00eb n\u00eb hap me koh\u00ebn. Gjithashtu ne p\u00ebrdorim programe t\u00eb dizajnit grafik p\u00ebr t\u00eb p\u00ebrgatitur dosje dhe programe t\u00eb ndryshme p\u00ebr cil\u00ebsin\u00eb e p\u00ebrkthimit.<\/p>\t\t\t\t\t\t\t\t<\/div>\n\t\t\t\t<\/div>\n\t\t\t\t\t<\/div>\n\t\t<\/div>\n\t\t\t\t\t<\/div>\n\t\t<\/section>\n\t\t\t\t\t<\/div>\n\t\t<\/div>\n\t\t\t\t\t<\/div>\n\t\t<\/section>\n\t\t\t\t<\/div>","protected":false},"excerpt":{"rendered":"<p>Video content that you need assistance with The art of subtitling is something that we have developed significant experience in over the past decade, and is a relatively straightforward and low-cost way of increasing the reach and accessibility of your videos About the company Founded in 2015, Titron is active in the field of translation&hellip;<\/p>","protected":false},"author":1,"featured_media":0,"parent":0,"menu_order":0,"comment_status":"closed","ping_status":"closed","template":"elementor_header_footer","meta":{"_acf_changed":false,"footnotes":""},"class_list":["post-1002","page","type-page","status-publish","hentry"],"acf":[],"yoast_head":"<!-- This site is optimized with the Yoast SEO plugin v27.3 - https:\/\/yoast.com\/product\/yoast-seo-wordpress\/ -->\n<title>Abaut Us | Titron Translation and Subtitling Services<\/title>\n<meta name=\"description\" content=\"Video content that you need assistance with The art of subtitling is something that we have developed significant experience in over the past decade, and Titron is professional services 100% online. Order your translations and subtitles and we will handle the rest, ensuring quality &amp; turnaround.\" \/>\n<meta name=\"robots\" content=\"index, follow, max-snippet:-1, max-image-preview:large, max-video-preview:-1\" \/>\n<link rel=\"canonical\" href=\"https:\/\/titron.net\/sq\/abaut-us\/\" \/>\n<meta property=\"og:locale\" content=\"sq_AL\" \/>\n<meta property=\"og:type\" content=\"article\" \/>\n<meta property=\"og:title\" content=\"Abaut Us | Titron Translation and Subtitling Services\" \/>\n<meta property=\"og:description\" content=\"Video content that you need assistance with The art of subtitling is something that we have developed significant experience in over the past decade, and Titron is professional services 100% online. Order your translations and subtitles and we will handle the rest, ensuring quality &amp; turnaround.\" \/>\n<meta property=\"og:url\" content=\"https:\/\/titron.net\/sq\/abaut-us\/\" \/>\n<meta property=\"og:site_name\" content=\"Titron\" \/>\n<meta property=\"article:publisher\" content=\"https:\/\/www.facebook.com\/titronteam\/\" \/>\n<meta property=\"article:modified_time\" content=\"2025-04-25T02:19:24+00:00\" \/>\n<meta name=\"twitter:label1\" content=\"Est. reading time\" \/>\n\t<meta name=\"twitter:data1\" content=\"1 minut\u00eb\" \/>\n<script type=\"application\/ld+json\" class=\"yoast-schema-graph\">{\"@context\":\"https:\\\/\\\/schema.org\",\"@graph\":[{\"@type\":\"WebPage\",\"@id\":\"https:\\\/\\\/titron.net\\\/abaut-us\\\/\",\"url\":\"https:\\\/\\\/titron.net\\\/abaut-us\\\/\",\"name\":\"Abaut Us | Titron Translation and Subtitling Services\",\"isPartOf\":{\"@id\":\"https:\\\/\\\/titron.net\\\/sq\\\/#website\"},\"datePublished\":\"2021-12-05T15:05:35+00:00\",\"dateModified\":\"2025-04-25T02:19:24+00:00\",\"description\":\"Video content that you need assistance with The art of subtitling is something that we have developed significant experience in over the past decade, and Titron is professional services 100% online. Order your translations and subtitles and we will handle the rest, ensuring quality & turnaround.\",\"breadcrumb\":{\"@id\":\"https:\\\/\\\/titron.net\\\/abaut-us\\\/#breadcrumb\"},\"inLanguage\":\"sq\",\"potentialAction\":[{\"@type\":\"ReadAction\",\"target\":[\"https:\\\/\\\/titron.net\\\/abaut-us\\\/\"]}]},{\"@type\":\"BreadcrumbList\",\"@id\":\"https:\\\/\\\/titron.net\\\/abaut-us\\\/#breadcrumb\",\"itemListElement\":[{\"@type\":\"ListItem\",\"position\":1,\"name\":\"Home\",\"item\":\"https:\\\/\\\/titron.net\\\/\"},{\"@type\":\"ListItem\",\"position\":2,\"name\":\"Abaut Us\"}]},{\"@type\":\"WebSite\",\"@id\":\"https:\\\/\\\/titron.net\\\/sq\\\/#website\",\"url\":\"https:\\\/\\\/titron.net\\\/sq\\\/\",\"name\":\"TITRON\",\"description\":\"Translation and Subtitling Services\",\"publisher\":{\"@id\":\"https:\\\/\\\/titron.net\\\/sq\\\/#organization\"},\"potentialAction\":[{\"@type\":\"SearchAction\",\"target\":{\"@type\":\"EntryPoint\",\"urlTemplate\":\"https:\\\/\\\/titron.net\\\/sq\\\/?s={search_term_string}\"},\"query-input\":{\"@type\":\"PropertyValueSpecification\",\"valueRequired\":true,\"valueName\":\"search_term_string\"}}],\"inLanguage\":\"sq\"},{\"@type\":\"Organization\",\"@id\":\"https:\\\/\\\/titron.net\\\/sq\\\/#organization\",\"name\":\"TITRON\",\"url\":\"https:\\\/\\\/titron.net\\\/sq\\\/\",\"logo\":{\"@type\":\"ImageObject\",\"inLanguage\":\"sq\",\"@id\":\"https:\\\/\\\/titron.net\\\/sq\\\/#\\\/schema\\\/logo\\\/image\\\/\",\"url\":\"https:\\\/\\\/titron.net\\\/wp-content\\\/uploads\\\/2022\\\/12\\\/Titron-Logo-Google.png\",\"contentUrl\":\"https:\\\/\\\/titron.net\\\/wp-content\\\/uploads\\\/2022\\\/12\\\/Titron-Logo-Google.png\",\"width\":512,\"height\":512,\"caption\":\"TITRON\"},\"image\":{\"@id\":\"https:\\\/\\\/titron.net\\\/sq\\\/#\\\/schema\\\/logo\\\/image\\\/\"},\"sameAs\":[\"https:\\\/\\\/www.facebook.com\\\/titronteam\\\/\",\"https:\\\/\\\/www.instagram.com\\\/titron.srt\\\/\",\"https:\\\/\\\/www.linkedin.com\\\/in\\\/titron-company-b54629b9\"]}]}<\/script>\n<!-- \/ Yoast SEO plugin. -->","yoast_head_json":{"title":"Abaut Us | Titron Translation and Subtitling Services","description":"Video content that you need assistance with The art of subtitling is something that we have developed significant experience in over the past decade, and Titron is professional services 100% online. Order your translations and subtitles and we will handle the rest, ensuring quality & turnaround.","robots":{"index":"index","follow":"follow","max-snippet":"max-snippet:-1","max-image-preview":"max-image-preview:large","max-video-preview":"max-video-preview:-1"},"canonical":"https:\/\/titron.net\/sq\/abaut-us\/","og_locale":"sq_AL","og_type":"article","og_title":"Abaut Us | Titron Translation and Subtitling Services","og_description":"Video content that you need assistance with The art of subtitling is something that we have developed significant experience in over the past decade, and Titron is professional services 100% online. Order your translations and subtitles and we will handle the rest, ensuring quality & turnaround.","og_url":"https:\/\/titron.net\/sq\/abaut-us\/","og_site_name":"Titron","article_publisher":"https:\/\/www.facebook.com\/titronteam\/","article_modified_time":"2025-04-25T02:19:24+00:00","twitter_misc":{"Est. reading time":"1 minut\u00eb"},"schema":{"@context":"https:\/\/schema.org","@graph":[{"@type":"WebPage","@id":"https:\/\/titron.net\/abaut-us\/","url":"https:\/\/titron.net\/abaut-us\/","name":"Abaut Us | Titron Translation and Subtitling Services","isPartOf":{"@id":"https:\/\/titron.net\/sq\/#website"},"datePublished":"2021-12-05T15:05:35+00:00","dateModified":"2025-04-25T02:19:24+00:00","description":"Video content that you need assistance with The art of subtitling is something that we have developed significant experience in over the past decade, and Titron is professional services 100% online. Order your translations and subtitles and we will handle the rest, ensuring quality & turnaround.","breadcrumb":{"@id":"https:\/\/titron.net\/abaut-us\/#breadcrumb"},"inLanguage":"sq","potentialAction":[{"@type":"ReadAction","target":["https:\/\/titron.net\/abaut-us\/"]}]},{"@type":"BreadcrumbList","@id":"https:\/\/titron.net\/abaut-us\/#breadcrumb","itemListElement":[{"@type":"ListItem","position":1,"name":"Home","item":"https:\/\/titron.net\/"},{"@type":"ListItem","position":2,"name":"Abaut Us"}]},{"@type":"WebSite","@id":"https:\/\/titron.net\/sq\/#website","url":"https:\/\/titron.net\/sq\/","name":"TITRON","description":"Translation and Subtitling Services","publisher":{"@id":"https:\/\/titron.net\/sq\/#organization"},"potentialAction":[{"@type":"SearchAction","target":{"@type":"EntryPoint","urlTemplate":"https:\/\/titron.net\/sq\/?s={search_term_string}"},"query-input":{"@type":"PropertyValueSpecification","valueRequired":true,"valueName":"search_term_string"}}],"inLanguage":"sq"},{"@type":"Organization","@id":"https:\/\/titron.net\/sq\/#organization","name":"TITRON","url":"https:\/\/titron.net\/sq\/","logo":{"@type":"ImageObject","inLanguage":"sq","@id":"https:\/\/titron.net\/sq\/#\/schema\/logo\/image\/","url":"https:\/\/titron.net\/wp-content\/uploads\/2022\/12\/Titron-Logo-Google.png","contentUrl":"https:\/\/titron.net\/wp-content\/uploads\/2022\/12\/Titron-Logo-Google.png","width":512,"height":512,"caption":"TITRON"},"image":{"@id":"https:\/\/titron.net\/sq\/#\/schema\/logo\/image\/"},"sameAs":["https:\/\/www.facebook.com\/titronteam\/","https:\/\/www.instagram.com\/titron.srt\/","https:\/\/www.linkedin.com\/in\/titron-company-b54629b9"]}]}},"_links":{"self":[{"href":"https:\/\/titron.net\/sq\/wp-json\/wp\/v2\/pages\/1002","targetHints":{"allow":["GET"]}}],"collection":[{"href":"https:\/\/titron.net\/sq\/wp-json\/wp\/v2\/pages"}],"about":[{"href":"https:\/\/titron.net\/sq\/wp-json\/wp\/v2\/types\/page"}],"author":[{"embeddable":true,"href":"https:\/\/titron.net\/sq\/wp-json\/wp\/v2\/users\/1"}],"replies":[{"embeddable":true,"href":"https:\/\/titron.net\/sq\/wp-json\/wp\/v2\/comments?post=1002"}],"version-history":[{"count":369,"href":"https:\/\/titron.net\/sq\/wp-json\/wp\/v2\/pages\/1002\/revisions"}],"predecessor-version":[{"id":19483,"href":"https:\/\/titron.net\/sq\/wp-json\/wp\/v2\/pages\/1002\/revisions\/19483"}],"wp:attachment":[{"href":"https:\/\/titron.net\/sq\/wp-json\/wp\/v2\/media?parent=1002"}],"curies":[{"name":"wp","href":"https:\/\/api.w.org\/{rel}","templated":true}]}}