{"id":108,"date":"2019-03-14T12:03:48","date_gmt":"2019-03-14T11:03:48","guid":{"rendered":"https:\/\/demo-content.kaliumtheme.com\/bookstore\/?page_id=108"},"modified":"2022-12-21T19:41:20","modified_gmt":"2022-12-21T18:41:20","slug":"terms-and-conditions","status":"publish","type":"page","link":"https:\/\/titron.net\/sq\/terms-and-conditions\/","title":{"rendered":"Terms and conditions"},"content":{"rendered":"<div class=\"wpb-content-wrapper\">\t\t<div data-elementor-type=\"wp-page\" data-elementor-id=\"108\" class=\"elementor elementor-108\" data-elementor-post-type=\"page\">\n\t\t\t\t\t\t<section class=\"elementor-section elementor-top-section elementor-element elementor-element-7bc0355a elementor-section-boxed elementor-section-height-default elementor-section-height-default\" data-id=\"7bc0355a\" data-element_type=\"section\" data-e-type=\"section\">\n\t\t\t\t\t\t<div class=\"elementor-container elementor-column-gap-default\">\n\t\t\t\t\t<div class=\"elementor-column elementor-col-100 elementor-top-column elementor-element elementor-element-6e2f0fed\" data-id=\"6e2f0fed\" data-element_type=\"column\" data-e-type=\"column\">\n\t\t\t<div class=\"elementor-widget-wrap elementor-element-populated\">\n\t\t\t\t\t\t<div class=\"elementor-element elementor-element-25856134 elementor-widget elementor-widget-shortcode\" data-id=\"25856134\" data-element_type=\"widget\" data-e-type=\"widget\" data-widget_type=\"shortcode.default\">\n\t\t\t\t<div class=\"elementor-widget-container\">\n\t\t\t\t\t\t\t<div class=\"elementor-shortcode\"><div class=\"vc-row-container container\"><div class=\"vc_row wpb_row vc_row-fluid vc_custom_1644818261790\"><div class=\"wpb_column vc_column_container vc_col-sm-12\"><div class=\"vc_column-inner\"><div class=\"wpb_wrapper\">\n\t<div class=\"wpb_text_column wpb_content_element\" >\n\t\t<div class=\"wpb_wrapper\">\n\t\t\t<h2 style=\"text-align: center;\">Termat dhe Kushtet<\/h2>\n<p>&nbsp;<\/p>\n<ol>\n<li><strong>Prezantim<\/strong><\/li>\n<\/ol>\n<p>K\u00ebto Terma dhe Kushte standarde t\u00eb faqes s\u00eb internetit t\u00eb shkruara n\u00eb k\u00ebt\u00eb faqe interneti t\u00eb Titron-it do t\u00eb menaxhojn\u00eb p\u00ebrdorimin tuaj t\u00eb k\u00ebsaj faqeje interneti. K\u00ebto Kushte do t\u00eb zbatohen plot\u00ebsisht dhe do t\u00eb ndikojn\u00eb n\u00eb p\u00ebrdorimin tuaj t\u00eb k\u00ebsaj faqeje interneti. Duke p\u00ebrdorur k\u00ebt\u00eb faqe interneti, ju jeni dakord t\u00eb pranoni t\u00eb gjitha termat dhe kushtet e shkruara k\u00ebtu. Ju nuk duhet ta p\u00ebrdorni k\u00ebt\u00eb faqe interneti n\u00ebse nuk jeni dakord me ndonj\u00eb nga k\u00ebto Terma dhe Kushte Standarde t\u00eb Uebsajtit.<\/p>\n<p>T\u00eb miturit ose personat n\u00ebn 18 vje\u00e7 nuk lejohen t\u00eb p\u00ebrdorin k\u00ebt\u00eb faqe interneti.<\/p>\n<p>&nbsp;<\/p>\n<ol start=\"2\">\n<li><strong>T\u00eb Drejtat e Pron\u00ebsis\u00eb Intelektuale<\/strong><\/li>\n<\/ol>\n<p>P\u00ebrve\u00e7 p\u00ebrmbajtjes q\u00eb zot\u00ebroni, sipas k\u00ebtyre Kushteve, Kompania Titron dhe\/ose licencuesit e saj zot\u00ebrojn\u00eb t\u00eb gjitha t\u00eb drejtat dhe materialet e pron\u00ebsis\u00eb intelektuale q\u00eb gjenden n\u00eb k\u00ebt\u00eb faqe interneti.<\/p>\n<p>Ju jepet nj\u00eb licenc\u00eb e kufizuar vet\u00ebm p\u00ebr t\u00eb par\u00eb materialet n\u00eb k\u00ebt\u00eb faqe interneti.<\/p>\n<p>&nbsp;<\/p>\n<ol start=\"3\">\n<li><strong>Kufizimet<\/strong><\/li>\n<\/ol>\n<p>Ju jeni shprehimisht i kufizuar n\u00eb t\u00eb gjitha n\u00eb vijim<\/p>\n<ul>\n<li>publikimi i \u00e7do materiali t\u00eb faqes s\u00eb internetit t\u00eb Titron-it n\u00eb \u00e7do media tjet\u00ebr;<\/li>\n<li>shitjen, n\u00ebnlicensimin dhe\/ose komercializimin e ndonj\u00eb materiali t\u00eb faqes s\u00eb internet;<\/li>\n<li>kryerja publike dhe\/ose shfaqja e ndonj\u00eb materiali t\u00eb faqes s\u00eb internet;<\/li>\n<li>duke p\u00ebrdorur k\u00ebt\u00eb faqe interneti n\u00eb \u00e7far\u00ebdo m\u00ebnyre q\u00eb \u00ebsht\u00eb ose mund t\u00eb jet\u00eb e d\u00ebmshme p\u00ebr k\u00ebt\u00eb faqe interneti;<\/li>\n<li>p\u00ebrdorimi i k\u00ebsaj faqeje interneti n\u00eb \u00e7far\u00ebdo m\u00ebnyre q\u00eb ndikon n\u00eb aksesin e p\u00ebrdoruesit n\u00eb k\u00ebt\u00eb faqe interneti;<\/li>\n<li>p\u00ebrdorimi i k\u00ebsaj faqeje interneti n\u00eb kund\u00ebrshtim me ligjet dhe rregulloret n\u00eb fuqi, ose n\u00eb \u00e7far\u00ebdo m\u00ebnyre mund t\u00eb shkaktoj\u00eb d\u00ebm p\u00ebr faqen e internetit, ose p\u00ebr \u00e7do person ose subjekt biznesi;<\/li>\n<li>p\u00ebrfshirja n\u00eb \u00e7do gjurmim t\u00eb t\u00eb dh\u00ebnave, mbledhjen e t\u00eb dh\u00ebnave, nxjerrjen e t\u00eb dh\u00ebnave ose ndonj\u00eb aktivitet tjet\u00ebr t\u00eb ngjash\u00ebm n\u00eb lidhje me k\u00ebt\u00eb faqe interneti;<\/li>\n<li>duke p\u00ebrdorur k\u00ebt\u00eb faqe interneti p\u00ebr t'u p\u00ebrfshir\u00eb n\u00eb ndonj\u00eb reklam\u00eb ose marketing.<\/li>\n<\/ul>\n<p>Disa fusha t\u00eb k\u00ebsaj faqeje interneti jan\u00eb t\u00eb kufizuara nga qasja nga ju dhe Kompania Titron mund t\u00eb kufizoj\u00eb m\u00eb tej aksesin p\u00ebr ju n\u00eb \u00e7do fush\u00eb t\u00eb k\u00ebsaj faqeje interneti, n\u00eb \u00e7do koh\u00eb, n\u00eb diskrecionin absolut. \u00c7do ID e p\u00ebrdoruesit dhe fjal\u00ebkalimi q\u00eb mund t\u00eb keni p\u00ebr k\u00ebt\u00eb faqe interneti jan\u00eb konfidenciale dhe ju gjithashtu duhet t\u00eb ruani konfidencialitetin.<\/p>\n<p>&nbsp;<\/p>\n<ol start=\"4\">\n<li><strong>P\u00ebrmbajtja Juaj<\/strong><\/li>\n<\/ol>\n<p>N\u00eb k\u00ebto Terme dhe Kushte Standarde t\u00eb Uebsajtit, \"P\u00ebrmbajtja juaj\" do t\u00eb n\u00ebnkuptoj\u00eb \u00e7do tekst audio, video, imazhe ose material tjet\u00ebr q\u00eb zgjidhni t\u00eb shfaqni n\u00eb k\u00ebt\u00eb faqe interneti. Duke shfaqur P\u00ebrmbajtjen Tuaj, ju i jepni Kompanis Titron nj\u00eb licenc\u00eb jo-ekskluzive, t\u00eb pakthyeshme n\u00eb mbar\u00eb bot\u00ebn, t\u00eb n\u00ebnlicensueshme p\u00ebr ta p\u00ebrdorur, riprodhuar, p\u00ebrshtatur, botuar, p\u00ebrkthyer dhe shp\u00ebrndar\u00eb at\u00eb n\u00eb \u00e7do dhe n\u00eb t\u00eb gjitha mediat.<\/p>\n<p>P\u00ebrmbajtja juaj duhet t\u00eb jet\u00eb e juaja dhe nuk duhet t\u00eb cenoj\u00eb t\u00eb drejtat e ndonj\u00eb pale t\u00eb tret\u00eb. Kompania Titron rezervon t\u00eb drejt\u00ebn t\u00eb heq\u00eb \u00e7do p\u00ebrmbajtje Tuaj nga kjo faqe n\u00eb \u00e7do koh\u00eb pa paralajm\u00ebrim.<\/p>\n<p>&nbsp;<\/p>\n<ol start=\"5\">\n<li><strong>Nuk ka Garancion<\/strong><\/li>\n<\/ol>\n<p>Kjo faqe interneti ofrohet \"si\u00e7 \u00ebsht\u00eb\", me t\u00eb gjitha gabimet, dhe Kompania Titron nuk shpreh asnj\u00eb p\u00ebrfaq\u00ebsim apo garanci, t\u00eb \u00e7far\u00ebdo lloji n\u00eb lidhje me k\u00ebt\u00eb faqe interneti ose materialet q\u00eb gjenden n\u00eb k\u00ebt\u00eb faqe interneti. Gjithashtu, asgj\u00eb q\u00eb p\u00ebrmbahet n\u00eb k\u00ebt\u00eb faqe interneti nuk do t\u00eb interpretohet si k\u00ebshill\u00eb p\u00ebr ju.<\/p>\n<p>&nbsp;<\/p>\n<ol start=\"6\">\n<li><strong>Kufizimi i P\u00ebrgjegj\u00ebsis\u00eb<\/strong><\/li>\n<\/ol>\n<p>N\u00eb asnj\u00eb rast Kompania Titron, as ndonj\u00eb nga zyrtar\u00ebt, drejtor\u00ebt dhe punonj\u00ebsit e saj, nuk do t\u00eb mbahen p\u00ebrgjegj\u00ebs p\u00ebr \u00e7do gj\u00eb q\u00eb rrjedh nga ose n\u00eb ndonj\u00eb m\u00ebnyr\u00eb q\u00eb lidhet me p\u00ebrdorimin tuaj t\u00eb k\u00ebsaj faqeje interneti, pavar\u00ebsisht n\u00ebse nj\u00eb p\u00ebrgjegj\u00ebsi e till\u00eb \u00ebsht\u00eb n\u00ebn kontrat\u00eb. Kompania Titron, duke p\u00ebrfshir\u00eb zyrtar\u00ebt, drejtor\u00ebt dhe punonj\u00ebsit e saj nuk do t\u00eb mbahen p\u00ebrgjegj\u00ebs p\u00ebr ndonj\u00eb p\u00ebrgjegj\u00ebsi indirekte, rrjedhimore ose t\u00eb ve\u00e7ant\u00eb q\u00eb rrjedh nga ose n\u00eb ndonj\u00eb m\u00ebnyr\u00eb q\u00eb lidhet me p\u00ebrdorimin tuaj t\u00eb k\u00ebsaj faqeje interneti.<\/p>\n<p>&nbsp;<\/p>\n<ol start=\"7\">\n<li><strong>D\u00ebmshp\u00ebrblim<\/strong><\/li>\n<\/ol>\n<p>N\u00ebp\u00ebrmjet k\u00ebsaj ju e d\u00ebmshp\u00ebrbleni n\u00eb mas\u00ebn m\u00eb t\u00eb plot\u00eb Kompanin\u00eb Titron nga dhe kund\u00ebr \u00e7do dhe\/ose t\u00eb gjitha detyrimet, kostot, k\u00ebrkesat, shkaqet e veprimit, d\u00ebmet dhe shpenzimet q\u00eb lindin n\u00eb \u00e7far\u00ebdo m\u00ebnyre q\u00eb lidhen me shkeljen nga ana juaj t\u00eb ndonj\u00eb prej dispozitave t\u00eb k\u00ebtyre Kushteve.<\/p>\n<p>&nbsp;<\/p>\n<ol start=\"8\">\n<li><strong>Shk\u00ebputshm\u00ebria<\/strong><\/li>\n<\/ol>\n<p>N\u00ebse ndonj\u00eb dispozit\u00eb e k\u00ebtyre Kushteve rezulton t\u00eb jet\u00eb e pavlefshme sipas ndonj\u00eb ligji n\u00eb fuqi, k\u00ebto dispozita do t\u00eb fshihen pa ndikuar n\u00eb dispozitat e mbetura k\u00ebtu.<\/p>\n<p>&nbsp;<\/p>\n<ol start=\"9\">\n<li><strong>Ndryshimi i Kushteve<\/strong><\/li>\n<\/ol>\n<p>Kompania Titron lejohet t'i rishikoj\u00eb k\u00ebto Kushte n\u00eb \u00e7do koh\u00eb si\u00e7 e sheh t\u00eb arsyeshme, dhe duke p\u00ebrdorur k\u00ebt\u00eb faqe interneti, ju pritet q\u00eb t'i rishikoni k\u00ebto Kushte n\u00eb baza t\u00eb rregullta.<\/p>\n<p>&nbsp;<\/p>\n<ol start=\"10\">\n<li><strong>Caktimet<\/strong><\/li>\n<\/ol>\n<p>Kompania Titron lejohet t\u00eb caktoj\u00eb, transferoj\u00eb dhe n\u00ebnkontraktoj\u00eb t\u00eb drejtat dhe\/ose detyrimet e saj sipas k\u00ebtyre Kushteve pa ndonj\u00eb njoftim. Megjithat\u00eb, nuk ju lejohet t\u00eb caktoni, transferoni ose n\u00ebnkontraktoni ndonj\u00eb nga t\u00eb drejtat dhe\/ose detyrimet tuaja sipas k\u00ebtyre Kushteve.<\/p>\n<p>&nbsp;<\/p>\n<ol start=\"11\">\n<li><strong>E Gjith\u00eb Marr\u00ebveshja<\/strong><\/li>\n<\/ol>\n<p>K\u00ebto Kushte p\u00ebrb\u00ebjn\u00eb t\u00eb gjith\u00eb marr\u00ebveshjen midis kompanis\u00eb Titron dhe jush n\u00eb lidhje me p\u00ebrdorimin tuaj t\u00eb k\u00ebsaj faqeje interneti dhe z\u00ebvend\u00ebsojn\u00eb t\u00eb gjitha marr\u00ebveshjet dhe mir\u00ebkuptimet e m\u00ebparshme.<\/p>\n<p>&nbsp;<\/p>\n<ol start=\"12\">\n<li><strong>Ligji dhe Juridiksioni n\u00eb Fuqi<\/strong><\/li>\n<\/ol>\n<p>K\u00ebto Kushte do t\u00eb qeverisen dhe interpretohen n\u00eb p\u00ebrputhje me ligjet e Shtetit t\u00eb Kosov\u00ebs, dhe ju i n\u00ebnshtroheni juridiksionit joekskluziv t\u00eb gjykatave shtet\u00ebrore t\u00eb vendosura n\u00eb Kosov\u00eb p\u00ebr zgjidhjen e \u00e7do mosmarr\u00ebveshjeje.<\/p>\n<p>K\u00ebto terma dhe kushte u krijuan n\u00ebp\u00ebrmjet <a href=\"https:\/\/titron.net\/sq\/contact\/\">https:\/\/titron.net<\/a><\/p>\n\n\t\t<\/div>\n\t<\/div>\n<\/div><\/div><\/div><\/div><\/div><\/div>\n\t\t\t\t\t\t<\/div>\n\t\t\t\t<\/div>\n\t\t\t\t\t<\/div>\n\t\t<\/div>\n\t\t\t\t\t<\/div>\n\t\t<\/section>\n\t\t\t\t<\/div>\n\t\t<\/div>","protected":false},"excerpt":{"rendered":"Terms and Conditions &nbsp; Introduction These Website Standard Terms and Conditions written on this Titron webpage shall manage your use of this website. These Terms will be applied fully and affect to your use of this Website. By using this Website, you agreed to accept all terms and conditions written in here. You must not&hellip;","protected":false},"author":1,"featured_media":0,"parent":0,"menu_order":0,"comment_status":"closed","ping_status":"closed","template":"","meta":{"_acf_changed":false,"footnotes":""},"class_list":["post-108","page","type-page","status-publish","hentry"],"acf":[],"yoast_head":"<!-- This site is optimized with the Yoast SEO plugin v27.3 - https:\/\/yoast.com\/product\/yoast-seo-wordpress\/ -->\n<title>Terms and conditions | Titron Translation and Subtitling Services<\/title>\n<meta name=\"description\" content=\"Titron is professional services 100% online. Order your translations and subtitles and we will handle the rest, ensuring quality &amp; optimal turnaround.\" \/>\n<meta name=\"robots\" content=\"index, follow, max-snippet:-1, max-image-preview:large, max-video-preview:-1\" \/>\n<link rel=\"canonical\" href=\"https:\/\/titron.net\/sq\/terms-and-conditions\/\" \/>\n<meta property=\"og:locale\" content=\"sq_AL\" \/>\n<meta property=\"og:type\" content=\"article\" \/>\n<meta property=\"og:title\" content=\"Terms and conditions | Titron Translation and Subtitling Services\" \/>\n<meta property=\"og:description\" content=\"Titron is professional services 100% online. Order your translations and subtitles and we will handle the rest, ensuring quality &amp; optimal turnaround.\" \/>\n<meta property=\"og:url\" content=\"https:\/\/titron.net\/sq\/terms-and-conditions\/\" \/>\n<meta property=\"og:site_name\" content=\"Titron\" \/>\n<meta property=\"article:publisher\" content=\"https:\/\/www.facebook.com\/titronteam\/\" \/>\n<meta property=\"article:modified_time\" content=\"2022-12-21T18:41:20+00:00\" \/>\n<meta name=\"twitter:label1\" content=\"Est. reading time\" \/>\n\t<meta name=\"twitter:data1\" content=\"4 minuta\" \/>\n<script type=\"application\/ld+json\" class=\"yoast-schema-graph\">{\"@context\":\"https:\\\/\\\/schema.org\",\"@graph\":[{\"@type\":\"WebPage\",\"@id\":\"https:\\\/\\\/titron.net\\\/terms-and-conditions\\\/\",\"url\":\"https:\\\/\\\/titron.net\\\/terms-and-conditions\\\/\",\"name\":\"Terms and conditions | Titron Translation and Subtitling Services\",\"isPartOf\":{\"@id\":\"https:\\\/\\\/titron.net\\\/sq\\\/#website\"},\"datePublished\":\"2019-03-14T11:03:48+00:00\",\"dateModified\":\"2022-12-21T18:41:20+00:00\",\"description\":\"Titron is professional services 100% online. Order your translations and subtitles and we will handle the rest, ensuring quality & optimal turnaround.\",\"breadcrumb\":{\"@id\":\"https:\\\/\\\/titron.net\\\/terms-and-conditions\\\/#breadcrumb\"},\"inLanguage\":\"sq\",\"potentialAction\":[{\"@type\":\"ReadAction\",\"target\":[\"https:\\\/\\\/titron.net\\\/terms-and-conditions\\\/\"]}]},{\"@type\":\"BreadcrumbList\",\"@id\":\"https:\\\/\\\/titron.net\\\/terms-and-conditions\\\/#breadcrumb\",\"itemListElement\":[{\"@type\":\"ListItem\",\"position\":1,\"name\":\"Home\",\"item\":\"https:\\\/\\\/titron.net\\\/\"},{\"@type\":\"ListItem\",\"position\":2,\"name\":\"Terms and conditions\"}]},{\"@type\":\"WebSite\",\"@id\":\"https:\\\/\\\/titron.net\\\/sq\\\/#website\",\"url\":\"https:\\\/\\\/titron.net\\\/sq\\\/\",\"name\":\"TITRON\",\"description\":\"Translation and Subtitling Services\",\"publisher\":{\"@id\":\"https:\\\/\\\/titron.net\\\/sq\\\/#organization\"},\"potentialAction\":[{\"@type\":\"SearchAction\",\"target\":{\"@type\":\"EntryPoint\",\"urlTemplate\":\"https:\\\/\\\/titron.net\\\/sq\\\/?s={search_term_string}\"},\"query-input\":{\"@type\":\"PropertyValueSpecification\",\"valueRequired\":true,\"valueName\":\"search_term_string\"}}],\"inLanguage\":\"sq\"},{\"@type\":\"Organization\",\"@id\":\"https:\\\/\\\/titron.net\\\/sq\\\/#organization\",\"name\":\"TITRON\",\"url\":\"https:\\\/\\\/titron.net\\\/sq\\\/\",\"logo\":{\"@type\":\"ImageObject\",\"inLanguage\":\"sq\",\"@id\":\"https:\\\/\\\/titron.net\\\/sq\\\/#\\\/schema\\\/logo\\\/image\\\/\",\"url\":\"https:\\\/\\\/titron.net\\\/wp-content\\\/uploads\\\/2022\\\/12\\\/Titron-Logo-Google.png\",\"contentUrl\":\"https:\\\/\\\/titron.net\\\/wp-content\\\/uploads\\\/2022\\\/12\\\/Titron-Logo-Google.png\",\"width\":512,\"height\":512,\"caption\":\"TITRON\"},\"image\":{\"@id\":\"https:\\\/\\\/titron.net\\\/sq\\\/#\\\/schema\\\/logo\\\/image\\\/\"},\"sameAs\":[\"https:\\\/\\\/www.facebook.com\\\/titronteam\\\/\",\"https:\\\/\\\/www.instagram.com\\\/titron.srt\\\/\",\"https:\\\/\\\/www.linkedin.com\\\/in\\\/titron-company-b54629b9\"]}]}<\/script>\n<!-- \/ Yoast SEO plugin. -->","yoast_head_json":{"title":"Terms and conditions | Titron Translation and Subtitling Services","description":"Titron is professional services 100% online. Order your translations and subtitles and we will handle the rest, ensuring quality & optimal turnaround.","robots":{"index":"index","follow":"follow","max-snippet":"max-snippet:-1","max-image-preview":"max-image-preview:large","max-video-preview":"max-video-preview:-1"},"canonical":"https:\/\/titron.net\/sq\/terms-and-conditions\/","og_locale":"sq_AL","og_type":"article","og_title":"Terms and conditions | Titron Translation and Subtitling Services","og_description":"Titron is professional services 100% online. Order your translations and subtitles and we will handle the rest, ensuring quality & optimal turnaround.","og_url":"https:\/\/titron.net\/sq\/terms-and-conditions\/","og_site_name":"Titron","article_publisher":"https:\/\/www.facebook.com\/titronteam\/","article_modified_time":"2022-12-21T18:41:20+00:00","twitter_misc":{"Est. reading time":"4 minuta"},"schema":{"@context":"https:\/\/schema.org","@graph":[{"@type":"WebPage","@id":"https:\/\/titron.net\/terms-and-conditions\/","url":"https:\/\/titron.net\/terms-and-conditions\/","name":"Terms and conditions | Titron Translation and Subtitling Services","isPartOf":{"@id":"https:\/\/titron.net\/sq\/#website"},"datePublished":"2019-03-14T11:03:48+00:00","dateModified":"2022-12-21T18:41:20+00:00","description":"Titron is professional services 100% online. Order your translations and subtitles and we will handle the rest, ensuring quality & optimal turnaround.","breadcrumb":{"@id":"https:\/\/titron.net\/terms-and-conditions\/#breadcrumb"},"inLanguage":"sq","potentialAction":[{"@type":"ReadAction","target":["https:\/\/titron.net\/terms-and-conditions\/"]}]},{"@type":"BreadcrumbList","@id":"https:\/\/titron.net\/terms-and-conditions\/#breadcrumb","itemListElement":[{"@type":"ListItem","position":1,"name":"Home","item":"https:\/\/titron.net\/"},{"@type":"ListItem","position":2,"name":"Terms and conditions"}]},{"@type":"WebSite","@id":"https:\/\/titron.net\/sq\/#website","url":"https:\/\/titron.net\/sq\/","name":"TITRON","description":"Translation and Subtitling Services","publisher":{"@id":"https:\/\/titron.net\/sq\/#organization"},"potentialAction":[{"@type":"SearchAction","target":{"@type":"EntryPoint","urlTemplate":"https:\/\/titron.net\/sq\/?s={search_term_string}"},"query-input":{"@type":"PropertyValueSpecification","valueRequired":true,"valueName":"search_term_string"}}],"inLanguage":"sq"},{"@type":"Organization","@id":"https:\/\/titron.net\/sq\/#organization","name":"TITRON","url":"https:\/\/titron.net\/sq\/","logo":{"@type":"ImageObject","inLanguage":"sq","@id":"https:\/\/titron.net\/sq\/#\/schema\/logo\/image\/","url":"https:\/\/titron.net\/wp-content\/uploads\/2022\/12\/Titron-Logo-Google.png","contentUrl":"https:\/\/titron.net\/wp-content\/uploads\/2022\/12\/Titron-Logo-Google.png","width":512,"height":512,"caption":"TITRON"},"image":{"@id":"https:\/\/titron.net\/sq\/#\/schema\/logo\/image\/"},"sameAs":["https:\/\/www.facebook.com\/titronteam\/","https:\/\/www.instagram.com\/titron.srt\/","https:\/\/www.linkedin.com\/in\/titron-company-b54629b9"]}]}},"_links":{"self":[{"href":"https:\/\/titron.net\/sq\/wp-json\/wp\/v2\/pages\/108","targetHints":{"allow":["GET"]}}],"collection":[{"href":"https:\/\/titron.net\/sq\/wp-json\/wp\/v2\/pages"}],"about":[{"href":"https:\/\/titron.net\/sq\/wp-json\/wp\/v2\/types\/page"}],"author":[{"embeddable":true,"href":"https:\/\/titron.net\/sq\/wp-json\/wp\/v2\/users\/1"}],"replies":[{"embeddable":true,"href":"https:\/\/titron.net\/sq\/wp-json\/wp\/v2\/comments?post=108"}],"version-history":[{"count":11,"href":"https:\/\/titron.net\/sq\/wp-json\/wp\/v2\/pages\/108\/revisions"}],"predecessor-version":[{"id":18231,"href":"https:\/\/titron.net\/sq\/wp-json\/wp\/v2\/pages\/108\/revisions\/18231"}],"wp:attachment":[{"href":"https:\/\/titron.net\/sq\/wp-json\/wp\/v2\/media?parent=108"}],"curies":[{"name":"wp","href":"https:\/\/api.w.org\/{rel}","templated":true}]}}